{"id":2234,"date":"2023-07-07T19:33:51","date_gmt":"2023-07-07T17:33:51","guid":{"rendered":"https:\/\/www.hotelrocmeler.com\/?page_id=2234"},"modified":"2023-07-11T10:42:56","modified_gmt":"2023-07-11T08:42:56","slug":"aviso-legal","status":"publish","type":"page","link":"https:\/\/www.hotelrocmeler.com\/es\/aviso-legal\/","title":{"rendered":"Aviso legal"},"content":{"rendered":"\t\t<div data-elementor-type=\"wp-page\" data-elementor-id=\"2234\" class=\"elementor elementor-2234\" data-elementor-post-type=\"page\">\n\t\t\t\t\t\t<section class=\"elementor-section elementor-top-section elementor-element elementor-element-7ff9e6b7 elementor-section-stretched elementor-section-boxed elementor-section-height-default elementor-section-height-default\" data-id=\"7ff9e6b7\" data-element_type=\"section\" data-e-type=\"section\" data-settings=\"{&quot;stretch_section&quot;:&quot;section-stretched&quot;,&quot;jet_parallax_layout_list&quot;:[],&quot;background_background&quot;:&quot;classic&quot;}\">\n\t\t\t\t\t\t<div class=\"elementor-container elementor-column-gap-no\">\n\t\t\t\t\t<div class=\"elementor-column elementor-col-100 elementor-top-column elementor-element elementor-element-3baef3e6\" data-id=\"3baef3e6\" data-element_type=\"column\" data-e-type=\"column\">\n\t\t\t<div class=\"elementor-widget-wrap elementor-element-populated\">\n\t\t\t\t\t\t<div class=\"elementor-element elementor-element-44b99a35 elementor-widget elementor-widget-heading\" data-id=\"44b99a35\" data-element_type=\"widget\" data-e-type=\"widget\" data-widget_type=\"heading.default\">\n\t\t\t\t<div class=\"elementor-widget-container\">\n\t\t\t\t\t<h1 class=\"elementor-heading-title elementor-size-default\">Aviso legal<\/h1>\t\t\t\t<\/div>\n\t\t\t\t<\/div>\n\t\t\t\t<div class=\"elementor-element elementor-element-bc1a1b8 elementor-widget elementor-widget-heading\" data-id=\"bc1a1b8\" data-element_type=\"widget\" data-e-type=\"widget\" data-widget_type=\"heading.default\">\n\t\t\t\t<div class=\"elementor-widget-container\">\n\t\t\t\t\t<h2 class=\"elementor-heading-title elementor-size-default\">HOTEL ROC MELER**** ANDORRA<\/h2>\t\t\t\t<\/div>\n\t\t\t\t<\/div>\n\t\t\t\t\t<\/div>\n\t\t<\/div>\n\t\t\t\t\t<\/div>\n\t\t<\/section>\n\t\t\t\t<section class=\"elementor-section elementor-top-section elementor-element elementor-element-0432c87 elementor-section-boxed elementor-section-height-default elementor-section-height-default\" data-id=\"0432c87\" data-element_type=\"section\" data-e-type=\"section\" data-settings=\"{&quot;jet_parallax_layout_list&quot;:[]}\">\n\t\t\t\t\t\t<div class=\"elementor-container elementor-column-gap-default\">\n\t\t\t\t\t<div class=\"elementor-column elementor-col-100 elementor-top-column elementor-element elementor-element-57259dc\" data-id=\"57259dc\" data-element_type=\"column\" data-e-type=\"column\">\n\t\t\t<div class=\"elementor-widget-wrap elementor-element-populated\">\n\t\t\t\t\t\t<div class=\"elementor-element elementor-element-d7e3f6e elementor-widget elementor-widget-text-editor\" data-id=\"d7e3f6e\" data-element_type=\"widget\" data-e-type=\"widget\" data-widget_type=\"text-editor.default\">\n\t\t\t\t<div class=\"elementor-widget-container\">\n\t\t\t\t\t\t\t\t\t<p><strong>Aviso Legal<\/strong><\/p><p>En cumplimiento de lo que prev\u00e9 el art\u00edculo 10 de la Ley 34\/2002, de 11 de julio, de Servicios de la Sociedad de la Informaci\u00f3n y Comercio Electr\u00f3nico, se informa que www.hotelrocmeler.com es un dominio de la empresa Hotel Roc Meler, con domicilio social en Urb. la Ribagrossa, AD100 Canillo, Andorra, tel\u00e9fono +376 83 07 14 y correo electr\u00f3nico info@hotelrocmeler.com<\/p><p>La sociedad Hotel Roc Meler con el CIF:L-712224A, figura inscrita en el registro mercantil de D\u00b4Andorra, tomo S-262, folio 151-160, inscripci\u00f3n 12\/04\/2017.<\/p><p>En cumplimiento del art\u00edculo 5 de la Lei Org\u00e1nica 17\/1999 del 3 de diciembre de Protecci\u00f3n de Datos de Car\u00e1cter Personal Hotel Roc Meler informa que los datos personales recojidos des de este sitio Web seran tratadas con el m\u00e1ximo grado de confidencialidad. Los datos recojidos se incorporaran a los ficheros de Hotel Roc Meler y del grupo Hotel Roc Meler declarados en la Ag\u00e9ncia Espa\u00f1ola de Proteccion de Datos, y ser\u00e1n tratados de acuerdo con la normativa de protecci\u00f3n de datos y siempre con garantia del derecho de intimidad de los clientes. S\u00f3lo ser\u00e1n cedidas a empresas del grupo Hotel Roc Meler con la misma finalidad de ofrecer los servicios de sus establecimientos. En ning\u00fan caso ser\u00e1n cedidas a terceros sin el consentimiento previo del interesado, excepto en los casos previstos legalmente.<\/p><p>Hotel Roc Meler, S.L. a trav\u00e9s de su web &#8216;www.hotelrocmeler.com&#8217; solicita al Usuario ciertos datos de car\u00e1cter personal. Los datos suministrados por el Usuario quedar\u00e1n incorporados a un fichero automatizado de datos de car\u00e1cter personal, titularidad de Hotel Roc Meler, S.L. el cual ser\u00e1 procesado con el fin de prestar los servicios solicitados por el Usuario. El Usuario autoriza el tratamiento automatizado de los datos personales suministrados, necesarios para la prestaci\u00f3n de los servicios pactados.<\/p><p>La informaci\u00f3n personal recabada de los clientes registrados es almacenada en una base de datos propiedad de Hotel Roc Meler, S.L. , que asume las medidas de \u00edndole t\u00e9cnica, organizativa y de seguridad que garanticen la confidencialidad e integridad de la informaci\u00f3n de acuerdo con lo establecido en la Ley Org\u00e1nica 15\/1999 de 13 de diciembre, de Protecci\u00f3n de Datos de Car\u00e1cter Personal, y dem\u00e1s legislaci\u00f3n aplicable.<\/p><p>Hotel Roc Meler, S.L., a trav\u00e9s de su web, utilizar\u00e1 los datos suministrados por el Usuario de manera interna para dar a conocer al Usuario ofertas y promociones que pudiera considerar de inter\u00e9s para el mismo.<\/p><p>El usuario acepta que sus datos personales sean cedidos a otras empresas (hoteles) del grupo al que pertenece Hotel Roc Meler, S.L, as\u00ed como a otras con las que concluya acuerdos de colaboraci\u00f3n con la \u00fanica finalidad de una mejor prestaci\u00f3n del servicio, respetando en todo caso, la legislaci\u00f3n espa\u00f1ola sobre la protecci\u00f3n de los datos de car\u00e1cter personal.<\/p><p>Hotel Roc Meler, S.L., a trav\u00e9s de su web, utilizar\u00e1 cookies cuando el Usuario navegue por la web site de www.hotelrocmeler.com. Las cookies se asocian \u00fanicamente con un Usuario an\u00f3nimo y su ordenador y no proporcionan referencias que permitan deducir el nombre y apellidos del Usuario. Gracias a las cookies, resulta posible que reconozca a los Usuarios registrados despu\u00e9s de que \u00e9stos se hayan registrado por primera vez, sin que tengan que registrarse en cada visita para acceder a las \u00e1reas y servicios reservados exclusivamente a ellos. El Usuario tiene la opci\u00f3n de impedir la generaci\u00f3n de cookies, mediante la selecci\u00f3n de la correspondiente opci\u00f3n en su programa navegador.<\/p><p>Cualquier usuario registrado puede en cualquier momento ejercer el derecho a acceder, rectificar y, en su caso, cancelar sus datos de car\u00e1cter personal suministrados en la web www.hotelrocmeler.com, mediante comunicaci\u00f3n escrita dirigida a Hotel Roc Meler, S.L.,Urb. la Ribagrossa, AD100 Canillo, Andorra, esta comunicaci\u00f3n tambi\u00e9n podr\u00e1 ser realizada mediante el env\u00edo de un correo electr\u00f3nico a la direcci\u00f3n: info@hotelrocmeler.com.<\/p>\t\t\t\t\t\t\t\t<\/div>\n\t\t\t\t<\/div>\n\t\t\t\t\t<\/div>\n\t\t<\/div>\n\t\t\t\t\t<\/div>\n\t\t<\/section>\n\t\t\t\t<\/div>\n\t\t","protected":false},"excerpt":{"rendered":"<p>HOTEL ROC MELER**** ANDORRA Aviso Legal En cumplimiento de lo que prev\u00e9 el art\u00edculo 10 de la Ley 34\/2002, de 11 de julio, de Servicios de la Sociedad de la Informaci\u00f3n y Comercio Electr\u00f3nico, se informa que www.hotelrocmeler.com es un dominio de la empresa Hotel Roc Meler, con domicilio social en Urb. la Ribagrossa, AD100 [&hellip;]<\/p>\n","protected":false},"author":6,"featured_media":0,"parent":0,"menu_order":0,"comment_status":"closed","ping_status":"closed","template":"","meta":{"_acf_changed":false,"_joinchat":[],"footnotes":""},"class_list":["post-2234","page","type-page","status-publish","hentry"],"acf":[],"_links":{"self":[{"href":"https:\/\/www.hotelrocmeler.com\/es\/wp-json\/wp\/v2\/pages\/2234","targetHints":{"allow":["GET"]}}],"collection":[{"href":"https:\/\/www.hotelrocmeler.com\/es\/wp-json\/wp\/v2\/pages"}],"about":[{"href":"https:\/\/www.hotelrocmeler.com\/es\/wp-json\/wp\/v2\/types\/page"}],"author":[{"embeddable":true,"href":"https:\/\/www.hotelrocmeler.com\/es\/wp-json\/wp\/v2\/users\/6"}],"replies":[{"embeddable":true,"href":"https:\/\/www.hotelrocmeler.com\/es\/wp-json\/wp\/v2\/comments?post=2234"}],"version-history":[{"count":10,"href":"https:\/\/www.hotelrocmeler.com\/es\/wp-json\/wp\/v2\/pages\/2234\/revisions"}],"predecessor-version":[{"id":2260,"href":"https:\/\/www.hotelrocmeler.com\/es\/wp-json\/wp\/v2\/pages\/2234\/revisions\/2260"}],"wp:attachment":[{"href":"https:\/\/www.hotelrocmeler.com\/es\/wp-json\/wp\/v2\/media?parent=2234"}],"curies":[{"name":"wp","href":"https:\/\/api.w.org\/{rel}","templated":true}]}}